{"id":95,"date":"2024-08-28T06:04:01","date_gmt":"2024-08-28T06:04:01","guid":{"rendered":"http:\/\/xclean-demo.pbminfotech.com\/demo1\/?page_id=4088"},"modified":"2025-09-23T16:38:02","modified_gmt":"2025-09-23T14:38:02","slug":"notre-histoire","status":"publish","type":"page","link":"https:\/\/nextb.me\/alizee\/notre-histoire\/","title":{"rendered":"Notre histoire"},"content":{"rendered":"\t\t<div data-elementor-type=\"wp-page\" data-elementor-id=\"95\" class=\"elementor elementor-95\">\n\t\t\t\t\t\t<section class=\"elementor-section elementor-top-section elementor-element elementor-element-d519f76 pbmit-bg-image-over-color pbmit-bg-img-hide pbmit-col-stretched-none elementor-section-boxed elementor-section-height-default elementor-section-height-default elementor-invisible\" data-id=\"d519f76\" data-element_type=\"section\" data-settings=\"{&quot;animation&quot;:&quot;fadeIn&quot;}\">\n\t\t\t\t\t\t<div class=\"elementor-container elementor-column-gap-no\">\n\t\t\t\t\t<div class=\"elementor-column elementor-col-50 elementor-top-column elementor-element elementor-element-87e9b4e pbmit-bg-color-over-image\" data-id=\"87e9b4e\" data-element_type=\"column\" data-settings=\"{&quot;background_background&quot;:&quot;classic&quot;}\">\n\t\t\t<div class=\"elementor-widget-wrap elementor-element-populated\">\n\t\t\t\t\t\t<div class=\"elementor-element elementor-element-0f68bab elementor-widget__width-auto elementor-absolute elementor-widget elementor-widget-pbmit_icon_heading\" data-id=\"0f68bab\" data-element_type=\"widget\" data-settings=\"{&quot;_position&quot;:&quot;absolute&quot;}\" data-widget_type=\"pbmit_icon_heading.default\">\n\t\t\t\t<div class=\"elementor-widget-container\">\n\t\t\t<div class=\"pbmit-ihbox pbmit-ihbox-style-3\"><div class=\"pbmit-ihbox-headingicon\">\r\n\t<div class=\"pbmit-ihbox-wrap\">\r\n\t\t<div class=\"pbmit-ihbox-icon\"><div class=\"pbmit-ihbox-icon-wrapper pbmit-icon-type-icon\"><i class=\"pbmit-xclean-icon pbmit-xclean-icon-duster\"><\/i><\/div><\/div>\t\t<div class=\"pbmit-ihbox-contents\">\r\n\t\t\t\t\t\t<h2 class=\"pbmit-element-title\">35 ans <em><br> d'exp\u00e9rience<\/em><\/h2>\t\r\n\t\t\t\t\t\t\t\t\t\t\t<\/div><!-- .pbmit-ihbox-contents -->\r\n\t<\/div>\r\n\t<div class=\"pbmit-sticky-corner  pbmit-bottom-left-corner\">\r\n\t\t<svg width=\"30\" height=\"30\" viewBox=\"0 0 30 30\" xmlns=\"http:\/\/www.w3.org\/2000\/svg\">\r\n\t\t\t<path d=\"M30 30V0C30 16 16 30 0 30H30Z\"><\/path>\r\n\t\t<\/svg>\r\n\t<\/div>\r\n\t<div class=\"pbmit-sticky-corner pbmit-top-right-corner\">\r\n\t\t<svg width=\"30\" height=\"30\" viewBox=\"0 0 30 30\" xmlns=\"http:\/\/www.w3.org\/2000\/svg\">\r\n\t\t\t<path d=\"M30 30V0C30 16 16 30 0 30H30Z\"><\/path>\r\n\t\t<\/svg>\r\n\t<\/div>\r\n<\/div><\/div>\t\t<\/div>\n\t\t\t\t<\/div>\n\t\t\t\t\t<\/div>\n\t\t<\/div>\n\t\t\t\t<div class=\"elementor-column elementor-col-50 elementor-top-column elementor-element elementor-element-5409b3b pbmit-bg-color-over-image\" data-id=\"5409b3b\" data-element_type=\"column\">\n\t\t\t<div class=\"elementor-widget-wrap elementor-element-populated\">\n\t\t\t\t\t\t<div class=\"elementor-element elementor-element-265a92f elementor-widget elementor-widget-pbmit_heading\" data-id=\"265a92f\" data-element_type=\"widget\" data-widget_type=\"pbmit_heading.default\">\n\t\t\t\t<div class=\"elementor-widget-container\">\n\t\t\t <div class=\"pbmit-heading-subheading pbmit-heading-subheading-style-1 pbmit-reverse-heading-yes animation-style4\"><h2 class=\"pbmit-element-title\">\r\n\t\t\t\t\r\n\t\t\t\t\tNotre Histoire\n\r\n\t\t\t\t\r\n\t\t\t\t<\/h2>\r\n\t\t\t<div class=\"pbmit-heading-desc\">Plus qu\u2019une entreprise de propret\u00e9, Aliz\u00e9s incarne depuis 1989 une vision engag\u00e9e des services aux environnements\nprofessionnels, port\u00e9e par des valeurs humaines, un sens du service et une exigence constante de qualit\u00e9.\nAncr\u00e9e sur le terrain, l\u2019entreprise a su se d\u00e9velopper progressivement en \u00e9largissant ses expertises autour de prestations\nmultiservices : propret\u00e9, gestion des d\u00e9chets, espaces verts\u2026\nEn 2017, Aliz\u00e9s rejoint le Groupe OCS, renfor\u00e7ant ses capacit\u00e9s humaines, op\u00e9rationnelles et techniques, tout en b\u00e9n\u00e9ficiant d\u2019un\nr\u00e9seau structur\u00e9 et de fonctions support mutualis\u00e9es (RH, qualit\u00e9, achats, etc.). Cette int\u00e9gration marque une nouvelle \u00e9tape\ndans son d\u00e9veloppement, au service de la performance durable de ses clients.<\/div><\/div>\t\t<\/div>\n\t\t\t\t<\/div>\n\t\t\t\t<div class=\"elementor-element elementor-element-f67b543 pbmit-btn-style-outline pbmit-btn-shape-rounded pbmit-btn-color-blackish pbmit-btn-hover-color-blackish pbmit-btn-magnatic-no elementor-widget elementor-widget-button\" data-id=\"f67b543\" data-element_type=\"widget\" data-widget_type=\"button.default\">\n\t\t\t\t<div class=\"elementor-widget-container\">\n\t\t\t\t\t<div class=\"elementor-button-wrapper\">\n\t\t\t<a class=\"elementor-button elementor-button-link elementor-size-sm\" href=\"#\">\n\t\t\t\t\t\t<span class=\"elementor-button-content-wrapper\">\n\t\t\t\t\t\t<span class=\"elementor-button-icon\">\n\t\t\t\t<svg xmlns=\"http:\/\/www.w3.org\/2000\/svg\" width=\"22.76\" height=\"22.76\" viewBox=\"0 0 22.76 22.76\"><title>black-arrow<\/title><path d=\"M22.34,1A14.67,14.67,0,0,1,12,5.3,14.6,14.6,0,0,1,6.08,4.06,14.68,14.68,0,0,1,1.59,1\" transform=\"translate(-0.29 -0.29)\" fill=\"none\" stroke=\"#000\" stroke-width=\"2\"><\/path><path d=\"M22.34,1a14.67,14.67,0,0,0,0,20.75\" transform=\"translate(-0.29 -0.29)\" fill=\"none\" stroke=\"#000\" stroke-width=\"2\"><\/path><path d=\"M22.34,1,1,22.34\" transform=\"translate(-0.29 -0.29)\" fill=\"none\" stroke=\"#000\" stroke-width=\"2\"><\/path><\/svg>\t\t\t<\/span>\n\t\t\t\t\t\t\t\t\t<span class=\"elementor-button-text\">Know More<\/span>\n\t\t\t\t\t<\/span>\n\t\t\t\t\t<\/a>\n\t\t<\/div>\n\t\t\t\t<\/div>\n\t\t\t\t<\/div>\n\t\t\t\t\t<\/div>\n\t\t<\/div>\n\t\t\t\t\t<\/div>\n\t\t<\/section>\n\t\t\t\t<section class=\"elementor-section elementor-top-section elementor-element elementor-element-a96e742 elementor-section-stretched elementor-section-full_width pbmit-bg-color-yes pbmit-elementor-bg-color-blackish pbmit-col-stretched-none pbmit-bg-color-over-image elementor-section-height-default elementor-section-height-default\" data-id=\"a96e742\" data-element_type=\"section\" data-settings=\"{&quot;stretch_section&quot;:&quot;section-stretched&quot;}\">\n\t\t\t\t\t\t<div class=\"elementor-container elementor-column-gap-no\">\n\t\t\t\t\t<div class=\"elementor-column elementor-col-100 elementor-top-column elementor-element elementor-element-800c57a pbmit-bg-color-over-image\" data-id=\"800c57a\" data-element_type=\"column\">\n\t\t\t<div class=\"elementor-widget-wrap elementor-element-populated\">\n\t\t\t\t\t\t<div class=\"elementor-element elementor-element-02e3305 elementor-widget elementor-widget-pbmit_timeline_element\" data-id=\"02e3305\" data-element_type=\"widget\" data-widget_type=\"pbmit_timeline_element.default\">\n\t\t\t\t<div class=\"elementor-widget-container\">\n\t\t\t\t\t<div class=\"pbminfotech-element\r\n\t\t\tpbminfotech-element-timeline\t\t\tpbmit-element-timeline-style-1\t\t\tpbmit-element-viewtype-carousel\t\t\tpbmit-element-column-four\t\t\tpbmit-element-sticky-carousel-false\t\t\tpbmit-element-caroursel-dot-false\t\t\tpbmit-infinite-scroll-no\t\t\tpbmit-infinite-scroll-button-no\t\t\t\t\t\t\t\t\t\t\t\t\"\r\n\t\t\tdata-cpt=\"timeline\"\r\n\t\t\tdata-totalpagination=\"1\"\r\n\t\t\tdata-style=\"1\"\r\n\t\t\tdata-show=\"3\"\r\n\t\t\tdata-columns=\"4\"\r\n\t\t\tdata-loop=\"false\"\r\n\t\t\tdata-autoplay=\"false\"\r\n\t\t\tdata-center=\"false\"\r\n\t\t\tdata-nav=\"above\"\r\n\t\t\tdata-dots=\"false\"\r\n\t\t\tdata-reverse=\"false\"\r\n\t\t\tdata-speed=\"1000\"\r\n\t\t\tdata-delay=\"4000\"\r\n\t\t\tdata-margin=\"\"\r\n\t\t\tdata-show-portion=\"false\">\r\n\t\t\t<div class=\"pbmit-element-inner\">\r\n\t\t\t\t<div class=\"pbmit-timeline\">\r\n\t\t\t <div class=\"container\"> \t\t\t\t<div class=\"pbmit-ele-header-area\">\r\n\t\t\t\t\t <div class=\"pbmit-heading-subheading pbmit-heading-subheading-style-1 pbmit-reverse-heading-yes animation-style2\"><h2 class=\"pbmit-element-title\">\r\n\t\t\t\t\r\n\t\t\t\t\tL\u2019histoire d\u2019Aliz\u00e9s \u2013 Chronologie\n\r\n\t\t\t\t\r\n\t\t\t\t<\/h2>\r\n\t\t\t<\/div>\t\t\t\t<\/div>\r\n\t\t\t <\/div> \t\t\t\t<div class=\"pbmit-element-posts-wrapper row multi-columns-row swiper-container\">\r\n\t\t\t\t\t\t\r\n\t\t\t\t\t\t\t<div class=\"pbmit-timeline-wrapper swiper-slide \">\r\n\t\t\t\t\t\t\t\t\t\t\t\t\t\t\t\t\t<div class=\"pbmit-same-height steps-media pbmit-feature-image\">\r\n\t\t\t\t\t\t\t\t\t\t<img decoding=\"async\" src=\"https:\/\/nextb.me\/alizee\/wp-content\/uploads\/2024\/10\/1-1.png\" alt=\"Fondation \u00e0 Dakar (S\u00e9n\u00e9gal)\" \/>\t\t\t\t\t\t\t\t\t<\/div>\r\n\t\t\t\t\t\t\t\t\t\t\t\t\t\t\t\t<div class=\"steps-dot\"><i class=\"steps-dot-line\"><\/i><span class=\"dot\"><\/span><\/div>\r\n\t\t\t\t\t\t\t\t<div class=\"pbmit-same-height steps-content_wrap\">\r\n\t\t\t\t\t\t\t\t\t<p class=\"pbmit-timeline-year\">1989<\/p>\r\n\t\t\t\t\t\t\t\t\t<h3 class=\"pbmit-timeline-title\">Fondation \u00e0 Dakar (S\u00e9n\u00e9gal)<\/h3>\r\n\t\t\t\t\t\t\t\t\t<p class=\"pbmit-timeline-desc\">Aliz\u00e9s est lanc\u00e9 \u00e0 Dakar, sp\u00e9cialis\u00e9 dans la propret\u00e9 professionnelle au service des entreprises, \u00e9tablissements de sant\u00e9 et organismes internationaux.\n<\/p>\r\n\t\t\t\t\t\t\t\t<\/div>\r\n\t\t\t\t\t\t\t<\/div>\t\t\r\n\t\t\t\t\t\t\t\r\n\t\t\t\t\t\t\t<div class=\"pbmit-timeline-wrapper swiper-slide \">\r\n\t\t\t\t\t\t\t\t\t\t\t\t\t\t\t\t\t<div class=\"pbmit-same-height steps-media pbmit-feature-image\">\r\n\t\t\t\t\t\t\t\t\t\t<img decoding=\"async\" src=\"https:\/\/nextb.me\/alizee\/wp-content\/uploads\/2024\/10\/2-1.png\" alt=\" D\u00e9veloppement industriel et logistique\" \/>\t\t\t\t\t\t\t\t\t<\/div>\r\n\t\t\t\t\t\t\t\t\t\t\t\t\t\t\t\t<div class=\"steps-dot\"><i class=\"steps-dot-line\"><\/i><span class=\"dot\"><\/span><\/div>\r\n\t\t\t\t\t\t\t\t<div class=\"pbmit-same-height steps-content_wrap\">\r\n\t\t\t\t\t\t\t\t\t<p class=\"pbmit-timeline-year\">1995<\/p>\r\n\t\t\t\t\t\t\t\t\t<h3 class=\"pbmit-timeline-title\"> D\u00e9veloppement industriel et logistique<\/h3>\r\n\t\t\t\t\t\t\t\t\t<p class=\"pbmit-timeline-desc\">L\u2019entreprise \u00e9tend son offre au nettoyage industriel, incluant entrep\u00f4ts, ateliers et sites de production.\n<\/p>\r\n\t\t\t\t\t\t\t\t<\/div>\r\n\t\t\t\t\t\t\t<\/div>\t\t\r\n\t\t\t\t\t\t\t\r\n\t\t\t\t\t\t\t<div class=\"pbmit-timeline-wrapper swiper-slide \">\r\n\t\t\t\t\t\t\t\t\t\t\t\t\t\t\t\t\t<div class=\"pbmit-same-height steps-media pbmit-feature-image\">\r\n\t\t\t\t\t\t\t\t\t\t<img decoding=\"async\" src=\"https:\/\/nextb.me\/alizee\/wp-content\/uploads\/2024\/10\/3-1.png\" alt=\"Engagement environnemental\" \/>\t\t\t\t\t\t\t\t\t<\/div>\r\n\t\t\t\t\t\t\t\t\t\t\t\t\t\t\t\t<div class=\"steps-dot\"><i class=\"steps-dot-line\"><\/i><span class=\"dot\"><\/span><\/div>\r\n\t\t\t\t\t\t\t\t<div class=\"pbmit-same-height steps-content_wrap\">\r\n\t\t\t\t\t\t\t\t\t<p class=\"pbmit-timeline-year\">2005<\/p>\r\n\t\t\t\t\t\t\t\t\t<h3 class=\"pbmit-timeline-title\">Engagement environnemental<\/h3>\r\n\t\t\t\t\t\t\t\t\t<p class=\"pbmit-timeline-desc\">Adoption de pratiques \u00e9coresponsables : nettoyage durable, bio-nettoyage, r\u00e9duction de l\u2019empreinte environnementale.\n<\/p>\r\n\t\t\t\t\t\t\t\t<\/div>\r\n\t\t\t\t\t\t\t<\/div>\t\t\r\n\t\t\t\t\t\t\t\r\n\t\t\t\t\t\t\t<div class=\"pbmit-timeline-wrapper swiper-slide \">\r\n\t\t\t\t\t\t\t\t\t\t\t\t\t\t\t\t\t<div class=\"pbmit-same-height steps-media pbmit-feature-image\">\r\n\t\t\t\t\t\t\t\t\t\t<img decoding=\"async\" src=\"https:\/\/nextb.me\/alizee\/wp-content\/uploads\/2024\/10\/4.png\" alt=\"Nationwide Coverage\" \/>\t\t\t\t\t\t\t\t\t<\/div>\r\n\t\t\t\t\t\t\t\t\t\t\t\t\t\t\t\t<div class=\"steps-dot\"><i class=\"steps-dot-line\"><\/i><span class=\"dot\"><\/span><\/div>\r\n\t\t\t\t\t\t\t\t<div class=\"pbmit-same-height steps-content_wrap\">\r\n\t\t\t\t\t\t\t\t\t<p class=\"pbmit-timeline-year\">2015<\/p>\r\n\t\t\t\t\t\t\t\t\t<h3 class=\"pbmit-timeline-title\">Nationwide Coverage<\/h3>\r\n\t\t\t\t\t\t\t\t\t<p class=\"pbmit-timeline-desc\">Mobilisation de plus de 400 agents sur plus de 100 sites, renfor\u00e7ant sa pr\u00e9sence et sa capacit\u00e9 d\u2019intervention .\n<\/p>\r\n\t\t\t\t\t\t\t\t<\/div>\r\n\t\t\t\t\t\t\t<\/div>\t\t\r\n\t\t\t\t\t\t\t\r\n\t\t\t\t\t\t\t<div class=\"pbmit-timeline-wrapper swiper-slide \">\r\n\t\t\t\t\t\t\t\t\t\t\t\t\t\t\t\t\t<div class=\"pbmit-same-height steps-media pbmit-feature-image\">\r\n\t\t\t\t\t\t\t\t\t\t<img decoding=\"async\" src=\"https:\/\/nextb.me\/alizee\/wp-content\/uploads\/2024\/10\/5.png\" alt=\"Int\u00e9gration au Groupe OCS\" \/>\t\t\t\t\t\t\t\t\t<\/div>\r\n\t\t\t\t\t\t\t\t\t\t\t\t\t\t\t\t<div class=\"steps-dot\"><i class=\"steps-dot-line\"><\/i><span class=\"dot\"><\/span><\/div>\r\n\t\t\t\t\t\t\t\t<div class=\"pbmit-same-height steps-content_wrap\">\r\n\t\t\t\t\t\t\t\t\t<p class=\"pbmit-timeline-year\">2017<\/p>\r\n\t\t\t\t\t\t\t\t\t<h3 class=\"pbmit-timeline-title\">Int\u00e9gration au Groupe OCS<\/h3>\r\n\t\t\t\t\t\t\t\t\t<p class=\"pbmit-timeline-desc\">Aliz\u00e9s rejoint le Groupe OCS, b\u00e9n\u00e9ficiant de renforts humains et techniques et d\u2019un r\u00e9seau structur\u00e9 de services supports\n<\/p>\r\n\t\t\t\t\t\t\t\t<\/div>\r\n\t\t\t\t\t\t\t<\/div>\t\t\r\n\t\t\t\t\t\t\t\r\n\t\t\t\t\t\t\t<div class=\"pbmit-timeline-wrapper swiper-slide \">\r\n\t\t\t\t\t\t\t\t\t\t\t\t\t\t\t\t\t<div class=\"pbmit-same-height steps-media pbmit-feature-image\">\r\n\t\t\t\t\t\t\t\t\t\t<img decoding=\"async\" src=\"https:\/\/nextb.me\/alizee\/wp-content\/uploads\/2024\/10\/5.png\" alt=\"Offre multiservices consolid\u00e9e\" \/>\t\t\t\t\t\t\t\t\t<\/div>\r\n\t\t\t\t\t\t\t\t\t\t\t\t\t\t\t\t<div class=\"steps-dot\"><i class=\"steps-dot-line\"><\/i><span class=\"dot\"><\/span><\/div>\r\n\t\t\t\t\t\t\t\t<div class=\"pbmit-same-height steps-content_wrap\">\r\n\t\t\t\t\t\t\t\t\t<p class=\"pbmit-timeline-year\">2023 <\/p>\r\n\t\t\t\t\t\t\t\t\t<h3 class=\"pbmit-timeline-title\">Offre multiservices consolid\u00e9e<\/h3>\r\n\t\t\t\t\t\t\t\t\t<p class=\"pbmit-timeline-desc\">Aliz\u00e9s affine son positionnement autour d\u2019une gamme multiservices : propret\u00e9, espaces verts, gestion des d\u00e9chets, bio-nettoyage, logistique et services\nassoci\u00e9s.<\/p>\r\n\t\t\t\t\t\t\t\t<\/div>\r\n\t\t\t\t\t\t\t<\/div>\t\t\r\n\t\t\t\t\t\t\t\t\t\t\t\r\n\t\t\t\t<\/div>\r\n\t\t\t\t<\/div>\r\n\t\t\t\t\t<\/div><!-- .pbmit-element-inner -->\r\n\t\t<\/div><!-- .pbminfotech-element -->\r\n\t\t\t\t\t<\/div>\n\t\t\t\t<\/div>\n\t\t\t\t\t<\/div>\n\t\t<\/div>\n\t\t\t\t\t<\/div>\n\t\t<\/section>\n\t\t\t\t<section class=\"elementor-section elementor-top-section elementor-element elementor-element-281f861 elementor-hidden-desktop elementor-hidden-laptop elementor-hidden-tablet_extra elementor-hidden-tablet elementor-hidden-mobile pbmit-col-stretched-none pbmit-bg-color-over-image elementor-section-boxed elementor-section-height-default elementor-section-height-default\" data-id=\"281f861\" data-element_type=\"section\">\n\t\t\t\t\t\t<div class=\"elementor-container elementor-column-gap-no\">\n\t\t\t\t\t<div class=\"elementor-column elementor-col-100 elementor-top-column elementor-element elementor-element-98a3bd2 pbmit-bg-color-over-image\" data-id=\"98a3bd2\" data-element_type=\"column\">\n\t\t\t<div class=\"elementor-widget-wrap elementor-element-populated\">\n\t\t\t\t\t\t<div class=\"elementor-element elementor-element-641af5a pbmit-ele-header-align-center elementor-widget elementor-widget-pbmit_blog_element\" data-id=\"641af5a\" data-element_type=\"widget\" data-widget_type=\"pbmit_blog_element.default\">\n\t\t\t\t<div class=\"elementor-widget-container\">\n\t\t\t\t\t<div class=\"pbminfotech-element\r\n\t\t\tpbminfotech-element-blog\t\t\tpbmit-element-blog-style-1\t\t\tpbmit-element-viewtype-row-column\t\t\tpbmit-element-column-four\t\t\tpbmit-element-sticky-carousel-false\t\t\tpbmit-element-caroursel-dot-false\t\t\tpbmit-infinite-scroll-no\t\t\tpbmit-infinite-scroll-button-no\t\t\tpbminfotech-gap-40px\t\t\t\t\t\t\t\t\t\"\r\n\t\t\tdata-cpt=\"blog\"\r\n\t\t\tdata-totalpagination=\"1\"\r\n\t\t\tdata-style=\"1\"\r\n\t\t\tdata-show=\"4\"\r\n\t\t\tdata-columns=\"4\"\r\n\t\t\tdata-loop=\"false\"\r\n\t\t\tdata-autoplay=\"false\"\r\n\t\t\tdata-center=\"false\"\r\n\t\t\tdata-nav=\"false\"\r\n\t\t\tdata-dots=\"false\"\r\n\t\t\tdata-reverse=\"false\"\r\n\t\t\tdata-speed=\"1000\"\r\n\t\t\tdata-delay=\"4000\"\r\n\t\t\tdata-margin=\"40px\"\r\n\t\t\tdata-show-portion=\"false\">\r\n\t\t\t<div class=\"pbmit-element-inner\">\r\n\t\t\t\t<div class=\"pbmit-ele-header-area\">\r\n\t\t\t <div class=\"pbmit-heading-subheading pbmit-heading-subheading-style-1 pbmit-reverse-heading-yes animation-style2\"><h4 class=\"pbmit-element-subtitle\"><span>\r\n\t\t\t\t<\/span>\r\n\t\t\t\t\r\n\t\t\t\t\tLatest News\r\n\t\t\t\t\r\n\t\t\t\t<\/h4>\r\n\t\t\t<h2 class=\"pbmit-element-title\">\r\n\t\t\t\t\r\n\t\t\t\t\tOur most recent posts\r\n\t\t\t\t\r\n\t\t\t\t<\/h2>\r\n\t\t\t<\/div>\t\t\t\t\t<\/div>\r\n\t\t<div class=\"pbmit-infinite-scroll-data\">{\"cpt\":\"blog\",\"style\":\"1\",\"columns\":\"4\",\"show\":4,\"order\":\"ASC\",\"orderby\":\"none\"}<\/div>\t\t\t<div class=\"pbmit-element-posts-wrapper row multi-columns-row \">\r\n\t\t\t\t<article class=\"pbmit-ele pbmit-ele-blog pbmit-blog-style-1 col-md-6 col-lg-3 domestic pbmit-term-16 sweeping pbmit-term-17 pbmit-odd pbmit-col-odd\"><div class=\"pbmit-post-item\">\r\n\t<div class=\"pbmit-featured-wrapper\">\r\n\t\t<div class=\"pbmit-featured-container\">\r\n\t\t\t<div class=\"pbmit-featured-img-wrapper\"><div class=\"pbmit-featured-wrapper\"><a href=\"https:\/\/nextb.me\/alizee\/2024\/08\/07\/things-to-know-choosing-a-cleaning-service\/\"><img fetchpriority=\"high\" decoding=\"async\" width=\"880\" height=\"620\" src=\"https:\/\/nextb.me\/alizee\/wp-content\/uploads\/2024\/08\/1-1-880x620.png\" class=\"attachment-pbmit-img-880x620 size-pbmit-img-880x620 wp-post-image\" alt=\"\" \/><\/a><\/div><\/div>\t\r\n\t\t\t<a class=\"pbmit-link\" href=\"https:\/\/nextb.me\/alizee\/2024\/08\/07\/things-to-know-choosing-a-cleaning-service\/\"><\/a>\r\n\t\t<\/div>\r\n\t\t<div class=\"pbmit-meta-date pbmit-meta-line\">\r\n\t\t\t<span class=\"pbmit-post-date\">8 Ao\u00fbt 2024<\/span>\r\n\t\t<\/div>\r\n\t<\/div>\r\n\t<div class=\"pbmit-content-wrapper\">\r\n\t\t<h3 class=\"pbmit-post-title\"><a href=\"https:\/\/nextb.me\/alizee\/2024\/08\/07\/things-to-know-choosing-a-cleaning-service\/\">Things to know choosing a cleaning service.<\/a><\/h3>\r\n\t\t<div class=\"pbmit-meta-category-wrapper pbmit-meta-line\">\r\n\t\t\t<div class=\"pbmit-meta-category\"><a href=\"https:\/\/nextb.me\/alizee\/category\/domestic\/\" rel=\"category tag\">Domestic<\/a> \/ <a href=\"https:\/\/nextb.me\/alizee\/category\/sweeping\/\" rel=\"category tag\">Sweeping<\/a><\/div>\r\n\t\t<\/div>\r\n\t<\/div>\r\n<\/div><\/article><article class=\"pbmit-ele pbmit-ele-blog pbmit-blog-style-1 col-md-6 col-lg-3 cleaner pbmit-term-21 sweeping pbmit-term-17 pbmit-even pbmit-col-odd\"><div class=\"pbmit-post-item\">\r\n\t<div class=\"pbmit-featured-wrapper\">\r\n\t\t<div class=\"pbmit-featured-container\">\r\n\t\t\t<div class=\"pbmit-featured-img-wrapper\"><div class=\"pbmit-featured-wrapper\"><a href=\"https:\/\/nextb.me\/alizee\/2024\/08\/07\/step-by-step-guide-to-clean-your-carpets\/\"><img decoding=\"async\" width=\"880\" height=\"620\" src=\"https:\/\/nextb.me\/alizee\/wp-content\/uploads\/2024\/08\/3-1-880x620.png\" class=\"attachment-pbmit-img-880x620 size-pbmit-img-880x620 wp-post-image\" alt=\"\" \/><\/a><\/div><\/div>\t\r\n\t\t\t<a class=\"pbmit-link\" href=\"https:\/\/nextb.me\/alizee\/2024\/08\/07\/step-by-step-guide-to-clean-your-carpets\/\"><\/a>\r\n\t\t<\/div>\r\n\t\t<div class=\"pbmit-meta-date pbmit-meta-line\">\r\n\t\t\t<span class=\"pbmit-post-date\">8 Ao\u00fbt 2024<\/span>\r\n\t\t<\/div>\r\n\t<\/div>\r\n\t<div class=\"pbmit-content-wrapper\">\r\n\t\t<h3 class=\"pbmit-post-title\"><a href=\"https:\/\/nextb.me\/alizee\/2024\/08\/07\/step-by-step-guide-to-clean-your-carpets\/\">Step by step guide to clean your carpets.<\/a><\/h3>\r\n\t\t<div class=\"pbmit-meta-category-wrapper pbmit-meta-line\">\r\n\t\t\t<div class=\"pbmit-meta-category\"><a href=\"https:\/\/nextb.me\/alizee\/category\/cleaner\/\" rel=\"category tag\">Cleaner<\/a> \/ <a href=\"https:\/\/nextb.me\/alizee\/category\/sweeping\/\" rel=\"category tag\">Sweeping<\/a><\/div>\r\n\t\t<\/div>\r\n\t<\/div>\r\n<\/div><\/article><article class=\"pbmit-ele pbmit-ele-blog pbmit-blog-style-1 col-md-6 col-lg-3 custodian pbmit-term-23 furniture pbmit-term-24 pbmit-odd pbmit-col-odd\"><div class=\"pbmit-post-item\">\r\n\t<div class=\"pbmit-featured-wrapper\">\r\n\t\t<div class=\"pbmit-featured-container\">\r\n\t\t\t<div class=\"pbmit-featured-img-wrapper\"><div class=\"pbmit-featured-wrapper\"><a href=\"https:\/\/nextb.me\/alizee\/2024\/08\/07\/how-you-typically-do-your-cleaning-process\/\"><img decoding=\"async\" width=\"880\" height=\"620\" src=\"https:\/\/nextb.me\/alizee\/wp-content\/uploads\/2024\/08\/2-1-880x620.png\" class=\"attachment-pbmit-img-880x620 size-pbmit-img-880x620 wp-post-image\" alt=\"\" \/><\/a><\/div><\/div>\t\r\n\t\t\t<a class=\"pbmit-link\" href=\"https:\/\/nextb.me\/alizee\/2024\/08\/07\/how-you-typically-do-your-cleaning-process\/\"><\/a>\r\n\t\t<\/div>\r\n\t\t<div class=\"pbmit-meta-date pbmit-meta-line\">\r\n\t\t\t<span class=\"pbmit-post-date\">8 Ao\u00fbt 2024<\/span>\r\n\t\t<\/div>\r\n\t<\/div>\r\n\t<div class=\"pbmit-content-wrapper\">\r\n\t\t<h3 class=\"pbmit-post-title\"><a href=\"https:\/\/nextb.me\/alizee\/2024\/08\/07\/how-you-typically-do-your-cleaning-process\/\">How You Typically Do Your Cleaning Process<\/a><\/h3>\r\n\t\t<div class=\"pbmit-meta-category-wrapper pbmit-meta-line\">\r\n\t\t\t<div class=\"pbmit-meta-category\"><a href=\"https:\/\/nextb.me\/alizee\/category\/custodian\/\" rel=\"category tag\">Custodian<\/a> \/ <a href=\"https:\/\/nextb.me\/alizee\/category\/furniture\/\" rel=\"category tag\">Furniture<\/a><\/div>\r\n\t\t<\/div>\r\n\t<\/div>\r\n<\/div><\/article><article class=\"pbmit-ele pbmit-ele-blog pbmit-blog-style-1 col-md-6 col-lg-3 cleaner pbmit-term-21 sweeping pbmit-term-17 pbmit-even pbmit-col-odd\"><div class=\"pbmit-post-item\">\r\n\t<div class=\"pbmit-featured-wrapper\">\r\n\t\t<div class=\"pbmit-featured-container\">\r\n\t\t\t<div class=\"pbmit-featured-img-wrapper\"><div class=\"pbmit-featured-wrapper\"><a href=\"https:\/\/nextb.me\/alizee\/2024\/08\/07\/cleaning-business-history-and-evolution-over-time\/\"><img loading=\"lazy\" decoding=\"async\" width=\"880\" height=\"620\" src=\"https:\/\/nextb.me\/alizee\/wp-content\/uploads\/2024\/08\/4-2-880x620.png\" class=\"attachment-pbmit-img-880x620 size-pbmit-img-880x620 wp-post-image\" alt=\"\" \/><\/a><\/div><\/div>\t\r\n\t\t\t<a class=\"pbmit-link\" href=\"https:\/\/nextb.me\/alizee\/2024\/08\/07\/cleaning-business-history-and-evolution-over-time\/\"><\/a>\r\n\t\t<\/div>\r\n\t\t<div class=\"pbmit-meta-date pbmit-meta-line\">\r\n\t\t\t<span class=\"pbmit-post-date\">8 Ao\u00fbt 2024<\/span>\r\n\t\t<\/div>\r\n\t<\/div>\r\n\t<div class=\"pbmit-content-wrapper\">\r\n\t\t<h3 class=\"pbmit-post-title\"><a href=\"https:\/\/nextb.me\/alizee\/2024\/08\/07\/cleaning-business-history-and-evolution-over-time\/\">Cleaning Business history and evolution over time<\/a><\/h3>\r\n\t\t<div class=\"pbmit-meta-category-wrapper pbmit-meta-line\">\r\n\t\t\t<div class=\"pbmit-meta-category\"><a href=\"https:\/\/nextb.me\/alizee\/category\/cleaner\/\" rel=\"category tag\">Cleaner<\/a> \/ <a href=\"https:\/\/nextb.me\/alizee\/category\/sweeping\/\" rel=\"category tag\">Sweeping<\/a><\/div>\r\n\t\t<\/div>\r\n\t<\/div>\r\n<\/div><\/article>\t\t\t<\/div> <!-- .pbmit-element-posts-wrapper -->\r\n\t\t\t\t\t\t\t\t\t\t\t<\/div><!-- .pbmit-element-inner -->\r\n\t\t<\/div><!-- .pbminfotech-element -->\r\n\t\t\t\t<\/div>\n\t\t\t\t<\/div>\n\t\t\t\t\t<\/div>\n\t\t<\/div>\n\t\t\t\t\t<\/div>\n\t\t<\/section>\n\t\t\t\t<\/div>\n\t\t","protected":false},"excerpt":{"rendered":"<p>35 ans d&rsquo;exp\u00e9rience Notre Histoire Plus qu\u2019une entreprise de propret\u00e9, Aliz\u00e9s incarne depuis 1989 une vision engag\u00e9e des services aux environnements professionnels, port\u00e9e par des valeurs humaines, un sens du service et une exigence constante de qualit\u00e9. Ancr\u00e9e sur le terrain, l\u2019entreprise a su se d\u00e9velopper progressivement en \u00e9largissant ses expertises autour de prestations multiservices [&hellip;]<\/p>\n","protected":false},"author":1,"featured_media":0,"parent":0,"menu_order":4,"comment_status":"closed","ping_status":"closed","template":"","meta":{"_acf_changed":false,"inline_featured_image":false,"footnotes":""},"class_list":["post-95","page","type-page","status-publish","hentry"],"acf":[],"_links":{"self":[{"href":"https:\/\/nextb.me\/alizee\/wp-json\/wp\/v2\/pages\/95","targetHints":{"allow":["GET"]}}],"collection":[{"href":"https:\/\/nextb.me\/alizee\/wp-json\/wp\/v2\/pages"}],"about":[{"href":"https:\/\/nextb.me\/alizee\/wp-json\/wp\/v2\/types\/page"}],"author":[{"embeddable":true,"href":"https:\/\/nextb.me\/alizee\/wp-json\/wp\/v2\/users\/1"}],"replies":[{"embeddable":true,"href":"https:\/\/nextb.me\/alizee\/wp-json\/wp\/v2\/comments?post=95"}],"version-history":[{"count":58,"href":"https:\/\/nextb.me\/alizee\/wp-json\/wp\/v2\/pages\/95\/revisions"}],"predecessor-version":[{"id":1283,"href":"https:\/\/nextb.me\/alizee\/wp-json\/wp\/v2\/pages\/95\/revisions\/1283"}],"wp:attachment":[{"href":"https:\/\/nextb.me\/alizee\/wp-json\/wp\/v2\/media?parent=95"}],"curies":[{"name":"wp","href":"https:\/\/api.w.org\/{rel}","templated":true}]}}