{"id":97,"date":"2024-08-24T06:22:35","date_gmt":"2024-08-24T06:22:35","guid":{"rendered":"http:\/\/xclean-demo.pbminfotech.com\/demo1\/?page_id=3942"},"modified":"2025-09-10T18:53:44","modified_gmt":"2025-09-10T16:53:44","slug":"contact-us","status":"publish","type":"page","link":"https:\/\/nextb.me\/alizee\/contact-us\/","title":{"rendered":"Contact Us"},"content":{"rendered":"\t\t<div data-elementor-type=\"wp-page\" data-elementor-id=\"97\" class=\"elementor elementor-97\">\n\t\t\t\t\t\t<div class=\"elementor-section elementor-top-section elementor-element elementor-element-db4e073 elementor-section-stretched pbmit-bg-img-hide pbmit-col-stretched-none pbmit-bg-color-over-image elementor-section-boxed elementor-section-height-default elementor-section-height-default\" data-id=\"db4e073\" data-element_type=\"section\" data-settings=\"{&quot;stretch_section&quot;:&quot;section-stretched&quot;}\">\n\t\t\t\t\t\t<div class=\"elementor-container elementor-column-gap-no\">\n\t\t\t\t\t<div class=\"elementor-column elementor-col-100 elementor-top-column elementor-element elementor-element-2396d0c pbmit-bg-color-over-image\" data-id=\"2396d0c\" data-element_type=\"column\">\n\t\t\t<div class=\"elementor-widget-wrap elementor-element-populated\">\n\t\t\t\t\t\t<div class=\"elementor-element elementor-element-186badc elementor-widget elementor-widget-pbmit_multiple_icon_heading\" data-id=\"186badc\" data-element_type=\"widget\" data-widget_type=\"pbmit_multiple_icon_heading.default\">\n\t\t\t\t<div class=\"elementor-widget-container\">\n\t\t\t\t\t<div class=\"pbminfotech-element\r\n\t\t\tpbminfotech-element-miconheading\t\t\tpbmit-element-miconheading-style-10\t\t\tpbmit-element-viewtype-row-column\t\t\tpbmit-element-column-four\t\t\tpbmit-element-sticky-carousel-false\t\t\tpbmit-element-caroursel-dot-false\t\t\tpbmit-infinite-scroll-no\t\t\tpbmit-infinite-scroll-button-no\t\t\tpbminfotech-gap-40px\t\t\t\t\t\t\t\t\t\"\r\n\t\t\tdata-cpt=\"miconheading\"\r\n\t\t\tdata-totalpagination=\"1\"\r\n\t\t\tdata-style=\"10\"\r\n\t\t\tdata-show=\"3\"\r\n\t\t\tdata-columns=\"4\"\r\n\t\t\tdata-loop=\"false\"\r\n\t\t\tdata-autoplay=\"false\"\r\n\t\t\tdata-center=\"false\"\r\n\t\t\tdata-nav=\"false\"\r\n\t\t\tdata-dots=\"false\"\r\n\t\t\tdata-reverse=\"false\"\r\n\t\t\tdata-speed=\"1000\"\r\n\t\t\tdata-delay=\"4000\"\r\n\t\t\tdata-margin=\"40px\"\r\n\t\t\tdata-show-portion=\"false\">\r\n\t\t\t<div class=\"pbmit-element-inner\">\r\n\t\t\t\t<div class=\"pbmit-ele-header-area\">\r\n\t\t\t <div class=\"pbmit-heading-subheading pbmit-heading-subheading-style-1  animation-style4\"><\/div>\t\t<\/div>\r\n\t\t<div class=\"pbmit-element-posts-wrapper row multi-columns-row\">\r\n\t\t\t<article class=\"pbmit-ele pbmit-ele-miconheading pbmit-miconheading-style-10 col-md-6 col-lg-3   \">\t\t\t\t\t\t<div class=\"pbmit-ihbox pbmit-ihbox-style-10\">\r\n\t\t\t\t\t\t\t<div class=\"pbmit-ihbox-headingicon\">\r\n\t<div class=\"pbmit-ihbox-wrap\">\r\n\t\t<div class=\"pbmit-ihbox-contents\">\r\n\t\t\t\t\t\t\t\t\t<h2 class=\"pbmit-element-title\">\r\n\t\t\t\t\t\t\t\t\r\n\t\t\t\t\t\t\t\t\tEnvoyez-nous un e-mail 24h\/24 et 7j\/7\n\r\n\t\t\t\t\t\t\t\t\r\n\t\t\t\t\t\t\t\t<\/h2>\r\n\t\t\t\t\t\t\t\t\t\t<div class=\"pbmit-heading-desc\">suppor@alizesnettoyage.com\n<\/div>\t\t<\/div><!-- .pbmit-ihbox-contents -->\r\n\t\t<div class=\"pbmit-ihbox-icon\"><div class=\"pbmit-ihbox-icon-wrapper pbmit-icon-type-icon\"><i class=\"pbmit-xclean-icon pbmit-xclean-icon-email\"><\/i><\/div><\/div>\t<\/div>\r\n\t<div class=\"pbmit-btn-wrap\">\r\n\t\t<div class=\"pbmit-ihbox-btn\"><a href=\"#\"><span class=\"pbmit-button-text\">Read More<\/span><span class=\"pbmit-button-icon-wrapper\"><span class=\"pbmit-button-icon\"><i class=\"pbmit-base-icon-black-arrow-1\"><\/i><\/span><\/span><\/a><\/div>\t<\/div>\r\n<\/div> \t\r\n\t\t\t\t\t\t<\/div>\r\n\t\t\t\t\t<\/article><article class=\"pbmit-ele pbmit-ele-miconheading pbmit-miconheading-style-10 col-md-6 col-lg-3   \">\t\t\t\t\t\t<div class=\"pbmit-ihbox pbmit-ihbox-style-10\">\r\n\t\t\t\t\t\t\t<div class=\"pbmit-ihbox-headingicon\">\r\n\t<div class=\"pbmit-ihbox-wrap\">\r\n\t\t<div class=\"pbmit-ihbox-contents\">\r\n\t\t\t\t\t\t\t\t\t<h2 class=\"pbmit-element-title\">\r\n\t\t\t\t\t\t\t\t\r\n\t\t\t\t\t\t\t\t\tNotre emplacement\n\r\n\t\t\t\t\t\t\t\t\r\n\t\t\t\t\t\t\t\t<\/h2>\r\n\t\t\t\t\t\t\t\t\t\t<div class=\"pbmit-heading-desc\">Rue 12 Grand Dakar \u2013 BP 595 Dakar S\u00e9n\u00e9gal<\/div>\t\t<\/div><!-- .pbmit-ihbox-contents -->\r\n\t\t<div class=\"pbmit-ihbox-icon\"><div class=\"pbmit-ihbox-icon-wrapper pbmit-icon-type-icon\"><i class=\"pbmit-xclean-icon pbmit-xclean-icon-location\"><\/i><\/div><\/div>\t<\/div>\r\n\t<div class=\"pbmit-btn-wrap\">\r\n\t\t<div class=\"pbmit-ihbox-btn\"><a href=\"#\"><span class=\"pbmit-button-text\">Read More<\/span><span class=\"pbmit-button-icon-wrapper\"><span class=\"pbmit-button-icon\"><i class=\"pbmit-base-icon-black-arrow-1\"><\/i><\/span><\/span><\/a><\/div>\t<\/div>\r\n<\/div> \t\r\n\t\t\t\t\t\t<\/div>\r\n\t\t\t\t\t<\/article><article class=\"pbmit-ele pbmit-ele-miconheading pbmit-miconheading-style-10 col-md-6 col-lg-3   \">\t\t\t\t\t\t<div class=\"pbmit-ihbox pbmit-ihbox-style-10\">\r\n\t\t\t\t\t\t\t<div class=\"pbmit-ihbox-headingicon\">\r\n\t<div class=\"pbmit-ihbox-wrap\">\r\n\t\t<div class=\"pbmit-ihbox-contents\">\r\n\t\t\t\t\t\t\t\t\t<h2 class=\"pbmit-element-title\">\r\n\t\t\t\t\t\t\t\t\r\n\t\t\t\t\t\t\t\t\tAppelez-nous 24h\/24 et 7j\/7\r\n\t\t\t\t\t\t\t\t\r\n\t\t\t\t\t\t\t\t<\/h2>\r\n\t\t\t\t\t\t\t\t\t\t<div class=\"pbmit-heading-desc\">Phone: +221 33 825 59 31 <br>\nPhone: +221 33 824 64 03<\/div>\t\t<\/div><!-- .pbmit-ihbox-contents -->\r\n\t\t<div class=\"pbmit-ihbox-icon\"><div class=\"pbmit-ihbox-icon-wrapper pbmit-icon-type-icon\"><i class=\"pbmit-xclean-icon pbmit-xclean-icon-phone\"><\/i><\/div><\/div>\t<\/div>\r\n\t<div class=\"pbmit-btn-wrap\">\r\n\t\t<div class=\"pbmit-ihbox-btn\"><a href=\"#\"><span class=\"pbmit-button-text\">Read More<\/span><span class=\"pbmit-button-icon-wrapper\"><span class=\"pbmit-button-icon\"><i class=\"pbmit-base-icon-black-arrow-1\"><\/i><\/span><\/span><\/a><\/div>\t<\/div>\r\n<\/div> \t\r\n\t\t\t\t\t\t<\/div>\r\n\t\t\t\t\t<\/article><article class=\"pbmit-ele pbmit-ele-miconheading pbmit-miconheading-style-10 col-md-6 col-lg-3   \">\t\t\t\t\t\t<div class=\"pbmit-ihbox pbmit-ihbox-style-10\">\r\n\t\t\t\t\t\t\t<div class=\"pbmit-ihbox-headingicon\">\r\n\t<div class=\"pbmit-ihbox-wrap\">\r\n\t\t<div class=\"pbmit-ihbox-contents\">\r\n\t\t\t\t\t\t\t\t\t<h2 class=\"pbmit-element-title\">\r\n\t\t\t\t\t\t\t\t\r\n\t\t\t\t\t\t\t\t\tJours ouvrables\r\n\t\t\t\t\t\t\t\t\r\n\t\t\t\t\t\t\t\t<\/h2>\r\n\t\t\t\t\t\t\t\t\t\t<div class=\"pbmit-heading-desc\">Mon to Fri - 09:00am To 06:00pm\nSaturday to Sunday - Closed<\/div>\t\t<\/div><!-- .pbmit-ihbox-contents -->\r\n\t\t<div class=\"pbmit-ihbox-icon\"><div class=\"pbmit-ihbox-icon-wrapper pbmit-icon-type-icon\"><i class=\"pbmit-xclean-icon pbmit-xclean-icon-briefcase\"><\/i><\/div><\/div>\t<\/div>\r\n\t<div class=\"pbmit-btn-wrap\">\r\n\t\t<div class=\"pbmit-ihbox-btn\"><a href=\"#\"><span class=\"pbmit-button-text\">Read More<\/span><span class=\"pbmit-button-icon-wrapper\"><span class=\"pbmit-button-icon\"><i class=\"pbmit-base-icon-black-arrow-1\"><\/i><\/span><\/span><\/a><\/div>\t<\/div>\r\n<\/div> \t\r\n\t\t\t\t\t\t<\/div>\r\n\t\t\t\t\t<\/article>\t\t<\/div>\r\n\t\t\t\t\t<\/div><!-- .pbmit-element-inner -->\r\n\t\t<\/div><!-- .pbminfotech-element -->\r\n\t\t\t\t<\/div>\n\t\t\t\t<\/div>\n\t\t\t\t\t<\/div>\n\t\t<\/div>\n\t\t\t\t\t<\/div>\n\t\t<\/div>\n\t\t\t\t<section class=\"elementor-section elementor-top-section elementor-element elementor-element-9e1812b elementor-section-stretched pbmit-bg-img-hide pbmit-col-stretched-none pbmit-bg-color-over-image elementor-section-boxed elementor-section-height-default elementor-section-height-default\" data-id=\"9e1812b\" data-element_type=\"section\" data-settings=\"{&quot;stretch_section&quot;:&quot;section-stretched&quot;,&quot;background_background&quot;:&quot;classic&quot;}\">\n\t\t\t\t\t\t<div class=\"elementor-container elementor-column-gap-no\">\n\t\t\t\t\t<div class=\"elementor-column elementor-col-50 elementor-top-column elementor-element elementor-element-e4f8f80 pbmit-bg-color-over-image\" data-id=\"e4f8f80\" data-element_type=\"column\">\n\t\t\t<div class=\"elementor-widget-wrap elementor-element-populated\">\n\t\t\t\t\t\t<div class=\"elementor-element elementor-element-cefcaf9 elementor-widget elementor-widget-pbmit_heading\" data-id=\"cefcaf9\" data-element_type=\"widget\" data-widget_type=\"pbmit_heading.default\">\n\t\t\t\t<div class=\"elementor-widget-container\">\n\t\t\t <div class=\"pbmit-heading-subheading pbmit-heading-subheading-style-1 pbmit-reverse-heading-yes animation-style2\"><h4 class=\"pbmit-element-subtitle\"><span>\r\n\t\t\t\t<\/span>\r\n\t\t\t\t\r\n\t\t\t\t\tContactez-nous\n\r\n\t\t\t\t\r\n\t\t\t\t<\/h4>\r\n\t\t\t<h2 class=\"pbmit-element-title\">\r\n\t\t\t\t\r\n\t\t\t\t\tHeureux de r\u00e9pondre \u00e0 toutes vos questions\n\r\n\t\t\t\t\r\n\t\t\t\t<\/h2>\r\n\t\t\t<div class=\"pbmit-heading-desc\">Nous s\u00e9lectionnons soigneusement tous nos nettoyeurs, vous pouvez donc \u00eatre assur\u00e9 que votre maison recevra la plus haute qualit\u00e9 de service possible.\n<\/div><\/div>\t\t<\/div>\n\t\t\t\t<\/div>\n\t\t\t\t<section class=\"elementor-section elementor-inner-section elementor-element elementor-element-cedd412 elementor-section-content-middle pbmit-col-stretched-none pbmit-bg-color-over-image elementor-section-boxed elementor-section-height-default elementor-section-height-default\" data-id=\"cedd412\" data-element_type=\"section\">\n\t\t\t\t\t\t<div class=\"elementor-container elementor-column-gap-no\">\n\t\t\t\t\t<div class=\"elementor-column elementor-col-100 elementor-inner-column elementor-element elementor-element-3338b5e pbmit-bg-color-over-image\" data-id=\"3338b5e\" data-element_type=\"column\">\n\t\t\t<div class=\"elementor-widget-wrap elementor-element-populated\">\n\t\t\t\t\t\t<div class=\"elementor-element elementor-element-69299f2 elementor-widget elementor-widget-pbmit_icon_heading\" data-id=\"69299f2\" data-element_type=\"widget\" data-widget_type=\"pbmit_icon_heading.default\">\n\t\t\t\t<div class=\"elementor-widget-container\">\n\t\t\t<div class=\"pbmit-ihbox pbmit-ihbox-style-4\"><div class=\"pbmit-ihbox-headingicon\">\r\n\t<div class=\"pbmit-ihbox-icon\"><div class=\"pbmit-ihbox-icon-wrapper pbmit-icon-type-icon\"><i class=\"pbmit-xclean-icon pbmit-xclean-icon-customer-service\"><\/i><\/div><\/div>\t<div class=\"pbmit-ihbox-contents\">\r\n\t\t\t\t<h4 class=\"pbmit-element-subtitle\">\r\n\t\t\t\t\t\r\n\t\t\t\t\t\tAppelez-nous \u00e0 tout moment\n\r\n\t\t\t\t\t\r\n\t\t\t\t\t<\/h4>\r\n\t\t\t\t\t\r\n\t\t<h2 class=\"pbmit-element-title\"><a href=\"tel:+212 5 22 91 37 38\"><span class=\"pbmit-button-text\">+221 33 825 59 31 <br \/>\n +221 33 824 64 03<\/span><span class=\"pbmit-button-icon-wrapper\"><span class=\"pbmit-button-icon\"><i class=\"pbmit-base-icon-black-arrow-1\"><\/i><\/span><\/span><\/a><\/h2>\t\t\r\n\t\t\t\t\t<\/div><!-- .pbmit-ihbox-contents -->\r\n<\/div><\/div>\t\t<\/div>\n\t\t\t\t<\/div>\n\t\t\t\t\t<\/div>\n\t\t<\/div>\n\t\t\t\t\t<\/div>\n\t\t<\/section>\n\t\t\t\t\t<\/div>\n\t\t<\/div>\n\t\t\t\t<div class=\"elementor-column elementor-col-50 elementor-top-column elementor-element elementor-element-daa178d pbmit-bg-color-yes pbmit-elementor-bg-color-light pbmit-bg-color-over-image\" data-id=\"daa178d\" data-element_type=\"column\">\n\t\t\t<div class=\"elementor-widget-wrap elementor-element-populated\">\n\t\t\t\t\t\t<div class=\"elementor-element elementor-element-8534fe5 pbmit-detail-form elementor-widget elementor-widget-shortcode\" data-id=\"8534fe5\" data-element_type=\"widget\" data-widget_type=\"shortcode.default\">\n\t\t\t\t<div class=\"elementor-widget-container\">\n\t\t\t\t\t<div class=\"elementor-shortcode\">\n<div class=\"wpcf7 no-js\" id=\"wpcf7-f56-o1\" lang=\"en-US\" dir=\"ltr\" data-wpcf7-id=\"56\">\n<div class=\"screen-reader-response\"><p role=\"status\" aria-live=\"polite\" aria-atomic=\"true\"><\/p> <ul><\/ul><\/div>\n<form action=\"\/alizee\/wp-json\/wp\/v2\/pages\/97#wpcf7-f56-o1\" method=\"post\" class=\"wpcf7-form init\" aria-label=\"Contact form\" novalidate=\"novalidate\" data-status=\"init\">\n<fieldset class=\"hidden-fields-container\"><input type=\"hidden\" name=\"_wpcf7\" value=\"56\" \/><input type=\"hidden\" name=\"_wpcf7_version\" value=\"6.1.4\" \/><input type=\"hidden\" name=\"_wpcf7_locale\" value=\"en_US\" \/><input type=\"hidden\" name=\"_wpcf7_unit_tag\" value=\"wpcf7-f56-o1\" \/><input type=\"hidden\" name=\"_wpcf7_container_post\" value=\"0\" \/><input type=\"hidden\" name=\"_wpcf7_posted_data_hash\" value=\"\" \/>\n<\/fieldset>\n<div class=\"pbmit-form pbmit-team-form\">\n\t<div class=\"pbmit-team-form-wrap\">\n\t\t<div class=\"row\">\n\t\t\t<div class=\"col-sm-12 col-md-6\">\n\t\t\t\t<div class=\"input-group\">\n\t\t\t\t\t<p><span class=\"wpcf7-form-control-wrap\" data-name=\"your-name\"><input size=\"40\" maxlength=\"400\" class=\"wpcf7-form-control wpcf7-text wpcf7-validates-as-required\" aria-required=\"true\" aria-invalid=\"false\" placeholder=\"Votre nom\" value=\"\" type=\"text\" name=\"your-name\" \/><\/span>\n\t\t\t\t\t<\/p>\n\t\t\t\t<\/div>\n\t\t\t<\/div>\n\t\t\t<div class=\"col-sm-12 col-md-6\">\n\t\t\t\t<div class=\"input-group\">\n\t\t\t\t\t<p><span class=\"wpcf7-form-control-wrap\" data-name=\"email-address\"><input size=\"40\" maxlength=\"400\" class=\"wpcf7-form-control wpcf7-email wpcf7-validates-as-required wpcf7-text wpcf7-validates-as-email\" aria-required=\"true\" aria-invalid=\"false\" placeholder=\"Votre e-mail\" value=\"\" type=\"email\" name=\"email-address\" \/><\/span>\n\t\t\t\t\t<\/p>\n\t\t\t\t<\/div>\n\t\t\t<\/div>\n\t\t<\/div>\n\t\t<div class=\"row\">\n\t\t\t<div class=\"col-sm-12 col-md-6\">\n\t\t\t\t<div class=\"input-group\">\n\t\t\t\t\t<p><span class=\"wpcf7-form-control-wrap\" data-name=\"phone-number\"><input size=\"40\" maxlength=\"400\" class=\"wpcf7-form-control wpcf7-text wpcf7-validates-as-required\" aria-required=\"true\" aria-invalid=\"false\" placeholder=\"Your Phone\" value=\"\" type=\"text\" name=\"phone-number\" \/><\/span>\n\t\t\t\t\t<\/p>\n\t\t\t\t<\/div>\n\t\t\t<\/div>\n\t\t\t<div class=\"col-sm-12 col-md-6\">\n\t\t\t\t<div class=\"input-group\">\n\t\t\t\t\t<p><span class=\"wpcf7-form-control-wrap\" data-name=\"subject\"><input size=\"40\" maxlength=\"400\" class=\"wpcf7-form-control wpcf7-text wpcf7-validates-as-required\" aria-required=\"true\" aria-invalid=\"false\" placeholder=\"Sujet\" value=\"\" type=\"text\" name=\"subject\" \/><\/span>\n\t\t\t\t\t<\/p>\n\t\t\t\t<\/div>\n\t\t\t<\/div>\n\t\t<\/div>\n\t\t<div class=\"row\">\n\t\t\t<div class=\"col-sm-12\">\n\t\t\t\t<div class=\"input-group input-textarea\">\n\t\t\t\t\t<p><span class=\"wpcf7-form-control-wrap\" data-name=\"textarea-806\"><textarea cols=\"40\" rows=\"10\" maxlength=\"2000\" class=\"wpcf7-form-control wpcf7-textarea wpcf7-validates-as-required\" aria-required=\"true\" aria-invalid=\"false\" placeholder=\"Message\" name=\"textarea-806\"><\/textarea><\/span>\n\t\t\t\t\t<\/p>\n\t\t\t\t<\/div>\n\t\t\t<\/div>\n\t\t<\/div>\n\t\t<div class=\"col-sm-12\">\n\t\t\t<p><span class=\"wpcf7-form-control-wrap\" data-name=\"checkbox-274\"><span class=\"wpcf7-form-control wpcf7-checkbox\"><span class=\"wpcf7-list-item first last\"><label><input type=\"checkbox\" name=\"checkbox-274[]\" value=\"Enregistrer mon nom, mon e-mail et mon site web dans le navigateur pour mon prochain commentaire.\" \/><span class=\"wpcf7-list-item-label\">Enregistrer mon nom, mon e-mail et mon site web dans le navigateur pour mon prochain commentaire.<\/span><\/label><\/span><\/span><\/span>\n\t\t\t<\/p>\n\t\t<\/div>\n\t<\/div>\n\t<div class=\"col-sm-12\">\n\t\t<div class=\"input-group input-button\">\n\t\t\t<p><button id='submit' class='wpcf7-form-control wpcf7-submit'><span class=\"pbmit-button-text\">Envoyer<\/span><span class=\"pbmit-button-icon-wrapper\"><span class=\"pbmit-button-icon\"><i class=\"pbmit-base-icon-black-arrow-1\"><\/i><\/span><\/span> <\/button>\n\t\t\t<\/p>\n\t\t<\/div>\n\t<\/div>\n<\/div><div class=\"wpcf7-response-output\" aria-hidden=\"true\"><\/div>\n<\/form>\n<\/div>\n<\/div>\n\t\t\t\t<\/div>\n\t\t\t\t<\/div>\n\t\t\t\t\t<\/div>\n\t\t<\/div>\n\t\t\t\t\t<\/div>\n\t\t<\/section>\n\t\t\t\t<div class=\"elementor-section elementor-top-section elementor-element elementor-element-36b2b4a elementor-section-full_width elementor-section-stretched pbmit-extend-animation pbmit-col-stretched-none pbmit-bg-color-over-image elementor-section-height-default elementor-section-height-default\" data-id=\"36b2b4a\" data-element_type=\"section\" data-settings=\"{&quot;stretch_section&quot;:&quot;section-stretched&quot;}\">\n\t\t\t\t\t\t<div class=\"elementor-container elementor-column-gap-no\">\n\t\t\t\t\t<div class=\"elementor-column elementor-col-100 elementor-top-column elementor-element elementor-element-9d2d957 pbmit-bg-color-over-image\" data-id=\"9d2d957\" data-element_type=\"column\">\n\t\t\t<div class=\"elementor-widget-wrap elementor-element-populated\">\n\t\t\t\t\t\t<div class=\"elementor-element elementor-element-ac7214d elementor-widget elementor-widget-google_maps\" data-id=\"ac7214d\" data-element_type=\"widget\" data-widget_type=\"google_maps.default\">\n\t\t\t\t<div class=\"elementor-widget-container\">\n\t\t\t\t\t<div class=\"elementor-custom-embed\">\n\t\t\t<iframe loading=\"lazy\"\n\t\t\t\t\tsrc=\"https:\/\/maps.google.com\/maps?q=Rue%2012%20Grand%20Dakar%20%E2%80%93%20BP%20595%20Dakar%20S%C3%A9n%C3%A9gal&#038;t=m&#038;z=18&#038;output=embed&#038;iwloc=near\"\n\t\t\t\t\ttitle=\"Rue 12 Grand Dakar \u2013 BP 595 Dakar S\u00e9n\u00e9gal\"\n\t\t\t\t\taria-label=\"Rue 12 Grand Dakar \u2013 BP 595 Dakar S\u00e9n\u00e9gal\"\n\t\t\t><\/iframe>\n\t\t<\/div>\n\t\t\t\t<\/div>\n\t\t\t\t<\/div>\n\t\t\t\t\t<\/div>\n\t\t<\/div>\n\t\t\t\t\t<\/div>\n\t\t<\/div>\n\t\t\t\t<\/div>\n\t\t","protected":false},"excerpt":{"rendered":"<p>Envoyez-nous un e-mail 24h\/24 et 7j\/7 suppor@alizesnettoyage.com Read More Notre emplacement Rue 12 Grand Dakar \u2013 BP 595 Dakar S\u00e9n\u00e9gal Read More Appelez-nous 24h\/24 et 7j\/7 Phone: +221 33 825 59 31 Phone: +221 33 824 64 03 Read More Jours ouvrables Mon to Fri &#8211; 09:00am To 06:00pm Saturday to Sunday &#8211; Closed Read [&hellip;]<\/p>\n","protected":false},"author":1,"featured_media":0,"parent":0,"menu_order":35,"comment_status":"closed","ping_status":"closed","template":"","meta":{"_acf_changed":false,"inline_featured_image":false,"footnotes":""},"class_list":["post-97","page","type-page","status-publish","hentry"],"acf":[],"_links":{"self":[{"href":"https:\/\/nextb.me\/alizee\/wp-json\/wp\/v2\/pages\/97","targetHints":{"allow":["GET"]}}],"collection":[{"href":"https:\/\/nextb.me\/alizee\/wp-json\/wp\/v2\/pages"}],"about":[{"href":"https:\/\/nextb.me\/alizee\/wp-json\/wp\/v2\/types\/page"}],"author":[{"embeddable":true,"href":"https:\/\/nextb.me\/alizee\/wp-json\/wp\/v2\/users\/1"}],"replies":[{"embeddable":true,"href":"https:\/\/nextb.me\/alizee\/wp-json\/wp\/v2\/comments?post=97"}],"version-history":[{"count":39,"href":"https:\/\/nextb.me\/alizee\/wp-json\/wp\/v2\/pages\/97\/revisions"}],"predecessor-version":[{"id":1158,"href":"https:\/\/nextb.me\/alizee\/wp-json\/wp\/v2\/pages\/97\/revisions\/1158"}],"wp:attachment":[{"href":"https:\/\/nextb.me\/alizee\/wp-json\/wp\/v2\/media?parent=97"}],"curies":[{"name":"wp","href":"https:\/\/api.w.org\/{rel}","templated":true}]}}