{"id":30,"date":"2020-03-02T08:32:09","date_gmt":"2020-03-02T08:32:09","guid":{"rendered":"https:\/\/estudiar.vamtam.com\/?page_id=30"},"modified":"2020-03-02T08:32:09","modified_gmt":"2020-03-02T08:32:09","slug":"blog","status":"publish","type":"page","link":"https:\/\/nextb.me\/ansamble1\/index.php\/blog\/","title":{"rendered":"Blog"},"content":{"rendered":"\t\t<div data-elementor-type=\"wp-page\" data-elementor-id=\"30\" class=\"elementor elementor-30\" data-elementor-post-type=\"page\">\n\t\t\t\t\t\t<section class=\"elementor-section elementor-top-section elementor-element elementor-element-3b39044 elementor-section-boxed elementor-section-height-default elementor-section-height-default\" data-id=\"3b39044\" data-element_type=\"section\">\n\t\t\t\t\t\t<div class=\"elementor-container elementor-column-gap-no\">\n\t\t\t\t\t<div class=\"elementor-column elementor-col-100 elementor-top-column elementor-element elementor-element-ec72fd5\" data-id=\"ec72fd5\" data-element_type=\"column\">\n\t\t\t<div class=\"elementor-widget-wrap elementor-element-populated\">\n\t\t\t\t\t\t\t<\/div>\n\t\t<\/div>\n\t\t\t\t\t<\/div>\n\t\t<\/section>\n\t\t\t\t<section class=\"elementor-section elementor-top-section elementor-element elementor-element-0f91d90 elementor-section-boxed elementor-section-height-default elementor-section-height-default\" data-id=\"0f91d90\" data-element_type=\"section\">\n\t\t\t\t\t\t<div class=\"elementor-container elementor-column-gap-no\">\n\t\t\t\t\t<div class=\"elementor-column elementor-col-100 elementor-top-column elementor-element elementor-element-579593e\" data-id=\"579593e\" data-element_type=\"column\">\n\t\t\t<div class=\"elementor-widget-wrap elementor-element-populated\">\n\t\t\t\t\t\t<div class=\"elementor-element elementor-element-f7bbc15 animated-fast elementor-grid-3 elementor-grid-tablet-2 elementor-grid-mobile-1 elementor-posts--thumbnail-top elementor-invisible elementor-widget elementor-widget-posts\" data-id=\"f7bbc15\" data-element_type=\"widget\" data-settings=\"{&quot;classic_row_gap&quot;:{&quot;unit&quot;:&quot;px&quot;,&quot;size&quot;:60,&quot;sizes&quot;:[]},&quot;_animation&quot;:&quot;fadeIn&quot;,&quot;classic_row_gap_mobile&quot;:{&quot;unit&quot;:&quot;px&quot;,&quot;size&quot;:50,&quot;sizes&quot;:[]},&quot;classic_columns&quot;:&quot;3&quot;,&quot;classic_columns_tablet&quot;:&quot;2&quot;,&quot;classic_columns_mobile&quot;:&quot;1&quot;,&quot;classic_row_gap_tablet&quot;:{&quot;unit&quot;:&quot;px&quot;,&quot;size&quot;:&quot;&quot;,&quot;sizes&quot;:[]}}\" data-widget_type=\"posts.classic\">\n\t\t\t\t<div class=\"elementor-widget-container\">\n\t\t\t\t\t\t\t<div class=\"elementor-posts-container elementor-posts elementor-posts--skin-classic elementor-grid\" role=\"list\">\n\t\t\t\t<article class=\"elementor-post elementor-grid-item post-10940 post type-post status-publish format-standard has-post-thumbnail hentry category-online-learning category-student-resources tag-online-bachelors-degree tag-online-learning tag-online-masters-degree tag-online-programs\" role=\"listitem\">\n\t\t\t\t<a class=\"elementor-post__thumbnail__link\" href=\"https:\/\/nextb.me\/ansamble1\/index.php\/2020\/12\/29\/life-as-a-distance-learning-student\/\" tabindex=\"-1\" >\n\t\t\t<div class=\"elementor-post__thumbnail\"><img fetchpriority=\"high\" decoding=\"async\" width=\"740\" height=\"500\" src=\"https:\/\/nextb.me\/ansamble1\/wp-content\/uploads\/2020\/12\/Design-sans-titre-1.webp\" class=\"attachment-full size-full wp-image-988035\" alt=\"\" srcset=\"https:\/\/nextb.me\/ansamble1\/wp-content\/uploads\/2020\/12\/Design-sans-titre-1.webp 740w, https:\/\/nextb.me\/ansamble1\/wp-content\/uploads\/2020\/12\/Design-sans-titre-1-300x203.webp 300w\" sizes=\"(max-width: 740px) 100vw, 740px\" \/><\/div>\n\t\t<\/a>\n\t\t\t\t<div class=\"elementor-post__text\">\n\t\t\t\t<h4 class=\"elementor-post__title\">\n\t\t\t<a href=\"https:\/\/nextb.me\/ansamble1\/index.php\/2020\/12\/29\/life-as-a-distance-learning-student\/\" >\n\t\t\t\tL&rsquo;entreprise Ansamble Maroc\t\t\t<\/a>\n\t\t<\/h4>\n\t\t\t\t<div class=\"elementor-post__meta-data\">\n\t\t\t\t\t<span class=\"elementor-post-date\">\n\t\t\t29 d\u00e9cembre 2020\t\t<\/span>\n\t\t\t\t<\/div>\n\t\t\t\t<div class=\"elementor-post__excerpt\">\n\t\t\t<p>Effective Time Management Traditionally, most people find the norm in education to involve lectures in physical classrooms. \u00a0Tutor-student interaction is perceived as being only physical.<\/p>\n\t\t<\/div>\n\t\t\n\t\t<a class=\"elementor-post__read-more\" href=\"https:\/\/nextb.me\/ansamble1\/index.php\/2020\/12\/29\/life-as-a-distance-learning-student\/\" aria-label=\"En savoir plus sur L&rsquo;entreprise Ansamble Maroc\" tabindex=\"-1\" >\n\t\t\t\t\t<\/a>\n\n\t\t\t\t<\/div>\n\t\t\t\t<\/article>\n\t\t\t\t<article class=\"elementor-post elementor-grid-item post-10935 post type-post status-publish format-standard has-post-thumbnail hentry category-student-success category-workshops-and-events tag-online-bachelors-degree tag-organization tag-productivity tag-student-success\" role=\"listitem\">\n\t\t\t\t<a class=\"elementor-post__thumbnail__link\" href=\"https:\/\/nextb.me\/ansamble1\/index.php\/2020\/12\/29\/how-to-organise-your-studies-for-success\/\" tabindex=\"-1\" >\n\t\t\t<div class=\"elementor-post__thumbnail\"><img decoding=\"async\" width=\"740\" height=\"500\" src=\"https:\/\/nextb.me\/ansamble1\/wp-content\/uploads\/2020\/12\/le_matin.webp\" class=\"attachment-full size-full wp-image-988036\" alt=\"\" srcset=\"https:\/\/nextb.me\/ansamble1\/wp-content\/uploads\/2020\/12\/le_matin.webp 740w, https:\/\/nextb.me\/ansamble1\/wp-content\/uploads\/2020\/12\/le_matin-300x203.webp 300w\" sizes=\"(max-width: 740px) 100vw, 740px\" \/><\/div>\n\t\t<\/a>\n\t\t\t\t<div class=\"elementor-post__text\">\n\t\t\t\t<h4 class=\"elementor-post__title\">\n\t\t\t<a href=\"https:\/\/nextb.me\/ansamble1\/index.php\/2020\/12\/29\/how-to-organise-your-studies-for-success\/\" >\n\t\t\t\tle Label RSE attribu\u00e9 \u00e0 l&rsquo;entreprise \u00ab\u00a0Ansamble Maroc\u00a0\u00bb et renouvel\u00e9 \u00e0 la SOMAS\t\t\t<\/a>\n\t\t<\/h4>\n\t\t\t\t<div class=\"elementor-post__meta-data\">\n\t\t\t\t\t<span class=\"elementor-post-date\">\n\t\t\t29 d\u00e9cembre 2020\t\t<\/span>\n\t\t\t\t<\/div>\n\t\t\t\t<div class=\"elementor-post__excerpt\">\n\t\t\t<p>Stay Focused on Your Studies There is a phrase called \u2018Decision Fatigue\u2019 which may be weighing you down. I first heard about this procrastination phenomenon<\/p>\n\t\t<\/div>\n\t\t\n\t\t<a class=\"elementor-post__read-more\" href=\"https:\/\/nextb.me\/ansamble1\/index.php\/2020\/12\/29\/how-to-organise-your-studies-for-success\/\" aria-label=\"En savoir plus sur le Label RSE attribu\u00e9 \u00e0 l&rsquo;entreprise \u00ab\u00a0Ansamble Maroc\u00a0\u00bb et renouvel\u00e9 \u00e0 la SOMAS\" tabindex=\"-1\" >\n\t\t\t\t\t<\/a>\n\n\t\t\t\t<\/div>\n\t\t\t\t<\/article>\n\t\t\t\t<article class=\"elementor-post elementor-grid-item post-10927 post type-post status-publish format-standard has-post-thumbnail hentry category-online-learning category-workshops-and-events tag-business tag-career-development tag-events tag-workshops\" role=\"listitem\">\n\t\t\t\t<a class=\"elementor-post__thumbnail__link\" href=\"https:\/\/nextb.me\/ansamble1\/index.php\/2020\/12\/29\/4th-workshop-advanced-materials\/\" tabindex=\"-1\" >\n\t\t\t<div class=\"elementor-post__thumbnail\"><img decoding=\"async\" width=\"1024\" height=\"572\" src=\"https:\/\/nextb.me\/ansamble1\/wp-content\/uploads\/2020\/12\/Design-sans-titre-8-1-1024x572-1.webp\" class=\"attachment-full size-full wp-image-988037\" alt=\"\" srcset=\"https:\/\/nextb.me\/ansamble1\/wp-content\/uploads\/2020\/12\/Design-sans-titre-8-1-1024x572-1.webp 1024w, https:\/\/nextb.me\/ansamble1\/wp-content\/uploads\/2020\/12\/Design-sans-titre-8-1-1024x572-1-300x168.webp 300w, https:\/\/nextb.me\/ansamble1\/wp-content\/uploads\/2020\/12\/Design-sans-titre-8-1-1024x572-1-768x429.webp 768w\" sizes=\"(max-width: 1024px) 100vw, 1024px\" \/><\/div>\n\t\t<\/a>\n\t\t\t\t<div class=\"elementor-post__text\">\n\t\t\t\t<h4 class=\"elementor-post__title\">\n\t\t\t<a href=\"https:\/\/nextb.me\/ansamble1\/index.php\/2020\/12\/29\/4th-workshop-advanced-materials\/\" >\n\t\t\t\tAnsamble Maroc acc\u00e9l\u00e8re son d\u00e9veloppement dans les stations-service TotalEnergies\u2026gr\u00e2ce \u00e0 Venezia Ice\t\t\t<\/a>\n\t\t<\/h4>\n\t\t\t\t<div class=\"elementor-post__meta-data\">\n\t\t\t\t\t<span class=\"elementor-post-date\">\n\t\t\t29 d\u00e9cembre 2020\t\t<\/span>\n\t\t\t\t<\/div>\n\t\t\t\t<div class=\"elementor-post__excerpt\">\n\t\t\t<p>Capacity Building Workshop on Distance Learning Running a capacity building workshop on Distance Learning for Estuar university, jointly organised by the University of London Centre<\/p>\n\t\t<\/div>\n\t\t\n\t\t<a class=\"elementor-post__read-more\" href=\"https:\/\/nextb.me\/ansamble1\/index.php\/2020\/12\/29\/4th-workshop-advanced-materials\/\" aria-label=\"En savoir plus sur Ansamble Maroc acc\u00e9l\u00e8re son d\u00e9veloppement dans les stations-service TotalEnergies\u2026gr\u00e2ce \u00e0 Venezia Ice\" tabindex=\"-1\" >\n\t\t\t\t\t<\/a>\n\n\t\t\t\t<\/div>\n\t\t\t\t<\/article>\n\t\t\t\t<\/div>\n\t\t\n\t\t\t\t\t\t<\/div>\n\t\t\t\t<\/div>\n\t\t\t\t\t<\/div>\n\t\t<\/div>\n\t\t\t\t\t<\/div>\n\t\t<\/section>\n\t\t\t\t<section class=\"elementor-section elementor-top-section elementor-element elementor-element-6d1b529 elementor-section-boxed elementor-section-height-default elementor-section-height-default\" data-id=\"6d1b529\" data-element_type=\"section\">\n\t\t\t\t\t\t<div class=\"elementor-container elementor-column-gap-default\">\n\t\t\t\t\t<div class=\"elementor-column elementor-col-100 elementor-top-column elementor-element elementor-element-d80c98c\" data-id=\"d80c98c\" data-element_type=\"column\">\n\t\t\t<div class=\"elementor-widget-wrap elementor-element-populated\">\n\t\t\t\t\t\t<div class=\"elementor-element elementor-element-37d8390 elementor-widget__width-auto animated-fast elementor-invisible elementor-widget elementor-widget-heading\" data-id=\"37d8390\" data-element_type=\"widget\" data-settings=\"{&quot;_animation&quot;:&quot;fadeIn&quot;,&quot;_animation_tablet&quot;:&quot;none&quot;,&quot;_animation_mobile&quot;:&quot;none&quot;,&quot;_animation_delay&quot;:200}\" data-widget_type=\"heading.default\">\n\t\t\t\t<div class=\"elementor-widget-container\">\n\t\t\t\t\t<h1 class=\"elementor-heading-title elementor-size-default\">FORM<\/h1>\t\t\t\t<\/div>\n\t\t\t\t<\/div>\n\t\t\t\t\t<\/div>\n\t\t<\/div>\n\t\t\t\t\t<\/div>\n\t\t<\/section>\n\t\t\t\t<section class=\"elementor-section elementor-top-section elementor-element elementor-element-be59494 elementor-section-boxed elementor-section-height-default elementor-section-height-default\" data-id=\"be59494\" data-element_type=\"section\" data-settings=\"{&quot;background_background&quot;:&quot;classic&quot;}\">\n\t\t\t\t\t\t<div class=\"elementor-container elementor-column-gap-default\">\n\t\t\t\t\t<div class=\"elementor-column elementor-col-100 elementor-top-column elementor-element elementor-element-0d83070\" data-id=\"0d83070\" data-element_type=\"column\">\n\t\t\t<div class=\"elementor-widget-wrap elementor-element-populated\">\n\t\t\t\t\t\t<div class=\"elementor-element elementor-element-af8a463 elementor-widget elementor-widget-heading\" data-id=\"af8a463\" data-element_type=\"widget\" data-widget_type=\"heading.default\">\n\t\t\t\t<div class=\"elementor-widget-container\">\n\t\t\t\t\t<h5 class=\"elementor-heading-title elementor-size-default\">Are you ready to take the next step toward your  future career?<\/h5>\t\t\t\t<\/div>\n\t\t\t\t<\/div>\n\t\t\t\t<div class=\"elementor-element elementor-element-196f317 elementor-align-center elementor-mobile-align-left elementor-widget elementor-widget-button\" data-id=\"196f317\" data-element_type=\"widget\" data-widget_type=\"button.default\">\n\t\t\t\t<div class=\"elementor-widget-container\">\n\t\t\t\t\t\t\t\t\t<div class=\"elementor-button-wrapper\">\n\t\t\t\t\t<a class=\"elementor-button elementor-button-link elementor-size-sm\" href=\"\/apply-form\/\">\n\t\t\t\t\t\t<span class=\"elementor-button-content-wrapper\">\n\t\t\t\t\t\t<span class=\"elementor-button-icon\">\n\t\t\t\t<i aria-hidden=\"true\" class=\"vamtamtheme- vamtam-theme-arrow-right\"><\/i>\t\t\t<\/span>\n\t\t\t\t\t\t\t\t\t<span class=\"elementor-button-text\">Application Form<\/span>\n\t\t\t\t\t<\/span>\n\t\t\t\t\t<\/a>\n\t\t\t\t<\/div>\n\t\t\t\t\t\t\t\t<\/div>\n\t\t\t\t<\/div>\n\t\t\t\t<div class=\"elementor-element elementor-element-9054b44 elementor-align-right elementor-widget__width-auto elementor-widget elementor-widget-button\" data-id=\"9054b44\" data-element_type=\"widget\" data-widget_type=\"button.default\">\n\t\t\t\t<div class=\"elementor-widget-container\">\n\t\t\t\t\t\t\t\t\t<div class=\"elementor-button-wrapper\">\n\t\t\t\t\t<a class=\"elementor-button elementor-button-link elementor-size-sm\" href=\"\/request-info\/\">\n\t\t\t\t\t\t<span class=\"elementor-button-content-wrapper\">\n\t\t\t\t\t\t\t\t\t<span class=\"elementor-button-text\">Request Info<\/span>\n\t\t\t\t\t<\/span>\n\t\t\t\t\t<\/a>\n\t\t\t\t<\/div>\n\t\t\t\t\t\t\t\t<\/div>\n\t\t\t\t<\/div>\n\t\t\t\t<div class=\"elementor-element elementor-element-ca54ce8 elementor-align-left elementor-widget__width-auto elementor-widget elementor-widget-button\" data-id=\"ca54ce8\" data-element_type=\"widget\" data-widget_type=\"button.default\">\n\t\t\t\t<div class=\"elementor-widget-container\">\n\t\t\t\t\t\t\t\t\t<div class=\"elementor-button-wrapper\">\n\t\t\t\t\t<a class=\"elementor-button elementor-button-link elementor-size-sm\" href=\"\/schedule-a-tour\/\">\n\t\t\t\t\t\t<span class=\"elementor-button-content-wrapper\">\n\t\t\t\t\t\t\t\t\t<span class=\"elementor-button-text\">visit<\/span>\n\t\t\t\t\t<\/span>\n\t\t\t\t\t<\/a>\n\t\t\t\t<\/div>\n\t\t\t\t\t\t\t\t<\/div>\n\t\t\t\t<\/div>\n\t\t\t\t\t<\/div>\n\t\t<\/div>\n\t\t\t\t\t<\/div>\n\t\t<\/section>\n\t\t\t\t<\/div>\n\t\t","protected":false},"excerpt":{"rendered":"<p>FORM Are you ready to take the next step toward your future career? Application Form Request Info visit<\/p>\n","protected":false},"author":1,"featured_media":0,"parent":0,"menu_order":0,"comment_status":"closed","ping_status":"closed","template":"","meta":{"footnotes":""},"class_list":["post-30","page","type-page","status-publish","hentry"],"_links":{"self":[{"href":"https:\/\/nextb.me\/ansamble1\/index.php\/wp-json\/wp\/v2\/pages\/30","targetHints":{"allow":["GET"]}}],"collection":[{"href":"https:\/\/nextb.me\/ansamble1\/index.php\/wp-json\/wp\/v2\/pages"}],"about":[{"href":"https:\/\/nextb.me\/ansamble1\/index.php\/wp-json\/wp\/v2\/types\/page"}],"author":[{"embeddable":true,"href":"https:\/\/nextb.me\/ansamble1\/index.php\/wp-json\/wp\/v2\/users\/1"}],"replies":[{"embeddable":true,"href":"https:\/\/nextb.me\/ansamble1\/index.php\/wp-json\/wp\/v2\/comments?post=30"}],"version-history":[{"count":0,"href":"https:\/\/nextb.me\/ansamble1\/index.php\/wp-json\/wp\/v2\/pages\/30\/revisions"}],"wp:attachment":[{"href":"https:\/\/nextb.me\/ansamble1\/index.php\/wp-json\/wp\/v2\/media?parent=30"}],"curies":[{"name":"wp","href":"https:\/\/api.w.org\/{rel}","templated":true}]}}